{"id":9,"date":"2018-08-08T08:30:39","date_gmt":"2018-08-08T11:30:39","guid":{"rendered":"https:\/\/www.timesidiomas.com.br\/blog\/?page_id=9"},"modified":"2025-11-05T16:51:34","modified_gmt":"2025-11-05T19:51:34","slug":"home","status":"publish","type":"page","link":"https:\/\/timesidiomas.com.br\/blog\/","title":{"rendered":"Home"},"content":{"rendered":"<p>6<\/p>\n<p>timeline<\/p>\n<p>2<\/p>\n<h2>Gostou das dicas?<\/h2>\n<h3>Clique em &#8220;Quero ser aluno Times Idiomas&#8221;, preencha o formul\u00e1rio e nossos consultores entrar\u00e3o em contato com voc\u00ea!<\/h3>\n<p>center<\/p>\n<p>no-repeat;center top;;<\/p>\n<p>auto<\/p>\n<p>QUERO SER ALUNO TIMES IDIOMAS<\/p>\n<p><a href=\"https:\/\/timesidiomas.com.br\/aprender-ingles-aulas\">https:\/\/timesidiomas.com.br\/aprender-ingles-aulas<\/a><\/p>\n<p>center<\/p>\n<p>left<\/p>\n<p>#451266<\/p>\n<p>#ffffff<\/p>\n<p>2<\/p>\n","protected":false},"excerpt":{"rendered":"<p>6 timeline 2 Gostou das dicas? Clique em &#8220;Quero ser aluno Times Idiomas&#8221;, preencha o formul\u00e1rio e nossos consultores entrar\u00e3o em contato com voc\u00ea! center no-repeat;center<span class=\"excerpt-hellip\"> [\u2026]<\/span><\/p>\n","protected":false},"author":4,"featured_media":0,"parent":0,"menu_order":0,"comment_status":"closed","ping_status":"closed","template":"","meta":[],"_links":{"self":[{"href":"https:\/\/timesidiomas.com.br\/blog\/wp-json\/wp\/v2\/pages\/9"}],"collection":[{"href":"https:\/\/timesidiomas.com.br\/blog\/wp-json\/wp\/v2\/pages"}],"about":[{"href":"https:\/\/timesidiomas.com.br\/blog\/wp-json\/wp\/v2\/types\/page"}],"author":[{"embeddable":true,"href":"https:\/\/timesidiomas.com.br\/blog\/wp-json\/wp\/v2\/users\/4"}],"replies":[{"embeddable":true,"href":"https:\/\/timesidiomas.com.br\/blog\/wp-json\/wp\/v2\/comments?post=9"}],"version-history":[{"count":1,"href":"https:\/\/timesidiomas.com.br\/blog\/wp-json\/wp\/v2\/pages\/9\/revisions"}],"predecessor-version":[{"id":1823,"href":"https:\/\/timesidiomas.com.br\/blog\/wp-json\/wp\/v2\/pages\/9\/revisions\/1823"}],"wp:attachment":[{"href":"https:\/\/timesidiomas.com.br\/blog\/wp-json\/wp\/v2\/media?parent=9"}],"curies":[{"name":"wp","href":"https:\/\/api.w.org\/{rel}","templated":true}]}}