{"id":342,"date":"2019-02-07T12:01:04","date_gmt":"2019-02-07T14:01:04","guid":{"rendered":"https:\/\/www.timesidiomas.com.br\/blog\/?page_id=342"},"modified":"2019-02-07T12:36:32","modified_gmt":"2019-02-07T14:36:32","slug":"por-que-o-teens-tem-a-maior-carga-horaria-e-e-a-melhor-escolha-em-cursos-de-ingles-para-adolescentes","status":"publish","type":"page","link":"https:\/\/timesidiomas.com.br\/blog\/por-que-o-teens-tem-a-maior-carga-horaria-e-e-a-melhor-escolha-em-cursos-de-ingles-para-adolescentes\/","title":{"rendered":"Por que o Teens! tem a maior carga hor\u00e1ria e \u00e9 a melhor escolha em cursos de ingl\u00eas para adolescentes"},"content":{"rendered":"<p><img src=\"https:\/\/www.timesidiomas.com.br\/blog\/wp-content\/uploads\/por-que-o-teens-tem-a-maior-carga-horaria-e-e-a-melhor-escolha-em-cursos-de-ingles-para-adolescentes.jpg\" alt=\"por que o teens tem a maior carga horaria e e a melhor escolha em cursos de ingles para adolescentes\"\/><\/p>\n<p>center<\/p>\n<p>image-prev-button<\/p>\n<p><img src=\"https:\/\/www.timesidiomas.com.br\/blog\/wp-content\/uploads\/por-que-o-teens-tem-a-maior-carga-horaria-e-e-a-melhor-escolha-em-cursos-de-ingles-para-adolescentes-blog.jpg\" alt=\"por que o teens tem a maior carga horaria e e a melhor escolha em cursos de ingles para adolescentes-blog\"\/><\/p>\n<p>center<\/p>\n<p><a href=\"http:\/\/times-idiomas.rds.land\/teens\">http:\/\/times-idiomas.rds.land\/teens<\/a><\/p>\n","protected":false},"excerpt":{"rendered":"<p>center image-prev-button center http:\/\/times-idiomas.rds.land\/teens<\/p>\n","protected":false},"author":4,"featured_media":0,"parent":0,"menu_order":0,"comment_status":"closed","ping_status":"closed","template":"","meta":[],"_links":{"self":[{"href":"https:\/\/timesidiomas.com.br\/blog\/wp-json\/wp\/v2\/pages\/342"}],"collection":[{"href":"https:\/\/timesidiomas.com.br\/blog\/wp-json\/wp\/v2\/pages"}],"about":[{"href":"https:\/\/timesidiomas.com.br\/blog\/wp-json\/wp\/v2\/types\/page"}],"author":[{"embeddable":true,"href":"https:\/\/timesidiomas.com.br\/blog\/wp-json\/wp\/v2\/users\/4"}],"replies":[{"embeddable":true,"href":"https:\/\/timesidiomas.com.br\/blog\/wp-json\/wp\/v2\/comments?post=342"}],"version-history":[{"count":0,"href":"https:\/\/timesidiomas.com.br\/blog\/wp-json\/wp\/v2\/pages\/342\/revisions"}],"wp:attachment":[{"href":"https:\/\/timesidiomas.com.br\/blog\/wp-json\/wp\/v2\/media?parent=342"}],"curies":[{"name":"wp","href":"https:\/\/api.w.org\/{rel}","templated":true}]}}